{"id":116,"date":"2026-01-23T00:35:05","date_gmt":"2026-01-23T00:35:05","guid":{"rendered":"https:\/\/casfi.ca\/?page_id=116"},"modified":"2026-01-25T02:06:20","modified_gmt":"2026-01-25T02:06:20","slug":"a-propos","status":"publish","type":"page","link":"https:\/\/casfi.ca\/en\/a-propos\/","title":{"rendered":"About"},"content":{"rendered":"<div data-elementor-type=\"wp-page\" data-elementor-id=\"116\" class=\"elementor elementor-116\" data-elementor-post-type=\"page\">\n\t\t\t\t<div class=\"elementor-element elementor-element-c4b4309 e-flex e-con-boxed e-con e-parent\" data-id=\"c4b4309\" data-element_type=\"container\" data-e-type=\"container\" data-settings=\"{&quot;background_background&quot;:&quot;classic&quot;}\">\n\t\t\t\t\t<div class=\"e-con-inner\">\n\t\t<div class=\"elementor-element elementor-element-6873a7f3 e-con-full e-flex e-con e-child\" data-id=\"6873a7f3\" data-element_type=\"container\" data-e-type=\"container\">\n\t\t\t\t<div class=\"elementor-element elementor-element-35df9f26 elementor-widget elementor-widget-heading\" data-id=\"35df9f26\" data-element_type=\"widget\" data-e-type=\"widget\" data-widget_type=\"heading.default\">\n\t\t\t\t\t<h2 class=\"elementor-heading-title elementor-size-default\">About \n\n\n<\/h2>\t\t\t\t<\/div>\n\t\t\t\t<\/div>\n\t\t\t\t\t<\/div>\n\t\t\t\t<\/div>\n\t\t<div class=\"elementor-element elementor-element-74435dc5 e-flex e-con-boxed e-con e-parent\" data-id=\"74435dc5\" data-element_type=\"container\" data-e-type=\"container\" data-settings=\"{&quot;background_background&quot;:&quot;classic&quot;}\">\n\t\t\t\t\t<div class=\"e-con-inner\">\n\t\t<div class=\"elementor-element elementor-element-10afb509 e-con-full e-flex elementor-invisible e-con e-child\" data-id=\"10afb509\" data-element_type=\"container\" data-e-type=\"container\" data-settings=\"{&quot;animation&quot;:&quot;fadeInLeft&quot;,&quot;animation_delay&quot;:200}\">\n\t\t\t\t<div class=\"elementor-element elementor-element-3c336718 elementor-widget elementor-widget-heading\" data-id=\"3c336718\" data-element_type=\"widget\" data-e-type=\"widget\" data-widget_type=\"heading.default\">\n\t\t\t\t\t<h6 class=\"elementor-heading-title elementor-size-default\">About <\/h6>\t\t\t\t<\/div>\n\t\t\t\t<div class=\"elementor-element elementor-element-76df1a69 elementor-widget elementor-widget-heading\" data-id=\"76df1a69\" data-element_type=\"widget\" data-e-type=\"widget\" data-widget_type=\"heading.default\">\n\t\t\t\t\t<h2 class=\"elementor-heading-title elementor-size-default\">Our history and our commitment\n<\/h2>\t\t\t\t<\/div>\n\t\t\t\t<div class=\"elementor-element elementor-element-124af690 elementor-widget elementor-widget-heading\" data-id=\"124af690\" data-element_type=\"widget\" data-e-type=\"widget\" data-widget_type=\"heading.default\">\n\t\t\t\t\t<div class=\"elementor-heading-title elementor-size-default\">The Centre for Action and Support for Immigrant Families (CASFI) was legally established on November 6, 2025. Born from a collective desire to respond to the real challenges of immigrant families \u2014 particularly those from recent immigration \u2014 CASFI is part of a concrete, inclusive and supportive community action approach.<\/div>\t\t\t\t<\/div>\n\t\t<div class=\"elementor-element elementor-element-cd0225f e-grid e-con-full e-con e-child\" data-id=\"cd0225f\" data-element_type=\"container\" data-e-type=\"container\">\n\t\t\t\t<div class=\"elementor-element elementor-element-48eb8674 elementor-view-stacked elementor-position-inline-start elementor-mobile-position-inline-start elementor-shape-circle elementor-widget elementor-widget-icon-box\" data-id=\"48eb8674\" data-element_type=\"widget\" data-e-type=\"widget\" data-widget_type=\"icon-box.default\">\n\t\t\t\t\t\t\t<div class=\"elementor-icon-box-wrapper\">\n\n\t\t\t\t\t\t<div class=\"elementor-icon-box-icon\">\n\t\t\t\t<span  class=\"elementor-icon\">\n\t\t\t\t<i aria-hidden=\"true\" class=\"icon icon-phone-call1\"><\/i>\t\t\t\t<\/span>\n\t\t\t<\/div>\n\t\t\t\n\t\t\t\t\t\t<div class=\"elementor-icon-box-content\">\n\n\t\t\t\t\t\t\t\t\t<div class=\"elementor-icon-box-title\">\n\t\t\t\t\t\t<span  >\n\t\t\t\t\t\t\tContact us\t\t\t\t\t\t<\/span>\n\t\t\t\t\t<\/div>\n\t\t\t\t\n\t\t\t\t\t\t\t\t\t<p class=\"elementor-icon-box-description\">\n\t\t\t\t\t\t(343) 777 6930 \t\t\t\t\t<\/p>\n\t\t\t\t\n\t\t\t<\/div>\n\t\t\t\n\t\t<\/div>\n\t\t\t\t\t\t<\/div>\n\t\t\t\t<div class=\"elementor-element elementor-element-62fef5a9 elementor-view-stacked elementor-position-inline-start elementor-mobile-position-inline-start elementor-shape-circle elementor-widget elementor-widget-icon-box\" data-id=\"62fef5a9\" data-element_type=\"widget\" data-e-type=\"widget\" data-widget_type=\"icon-box.default\">\n\t\t\t\t\t\t\t<div class=\"elementor-icon-box-wrapper\">\n\n\t\t\t\t\t\t<div class=\"elementor-icon-box-icon\">\n\t\t\t\t<span  class=\"elementor-icon\">\n\t\t\t\t<i aria-hidden=\"true\" class=\"icon_mail_alt\"><\/i>\t\t\t\t<\/span>\n\t\t\t<\/div>\n\t\t\t\n\t\t\t\t\t\t<div class=\"elementor-icon-box-content\">\n\n\t\t\t\t\t\t\t\t\t<div class=\"elementor-icon-box-title\">\n\t\t\t\t\t\t<span  >\n\t\t\t\t\t\t\tE-mail\t\t\t\t\t\t<\/span>\n\t\t\t\t\t<\/div>\n\t\t\t\t\n\t\t\t\t\t\t\t\t\t<p class=\"elementor-icon-box-description\">\n\t\t\t\t\t\tinfo@casfi.ca\t\t\t\t\t<\/p>\n\t\t\t\t\n\t\t\t<\/div>\n\t\t\t\n\t\t<\/div>\n\t\t\t\t\t\t<\/div>\n\t\t\t\t<\/div>\n\t\t\t\t<\/div>\n\t\t<div class=\"elementor-element elementor-element-71525eee e-con-full e-flex elementor-invisible e-con e-child\" data-id=\"71525eee\" data-element_type=\"container\" data-e-type=\"container\" data-settings=\"{&quot;animation&quot;:&quot;fadeInRight&quot;,&quot;animation_delay&quot;:200}\">\n\t\t\t\t<div class=\"elementor-element elementor-element-41b6a2bc elementor-widget elementor-widget-image\" data-id=\"41b6a2bc\" data-element_type=\"widget\" data-e-type=\"widget\" data-widget_type=\"image.default\">\n\t\t\t\t\t\t\t\t\t\t\t\t\t\t\t<img fetchpriority=\"high\" decoding=\"async\" width=\"1280\" height=\"853\" src=\"https:\/\/casfi.ca\/wp-content\/uploads\/2026\/01\/A-PROPOS.jpg\" class=\"attachment-full size-full wp-image-690\" alt=\"\" srcset=\"https:\/\/casfi.ca\/wp-content\/uploads\/2026\/01\/A-PROPOS.jpg 1280w, https:\/\/casfi.ca\/wp-content\/uploads\/2026\/01\/A-PROPOS-300x200.jpg 300w, https:\/\/casfi.ca\/wp-content\/uploads\/2026\/01\/A-PROPOS-1024x682.jpg 1024w, https:\/\/casfi.ca\/wp-content\/uploads\/2026\/01\/A-PROPOS-768x512.jpg 768w, https:\/\/casfi.ca\/wp-content\/uploads\/2026\/01\/A-PROPOS-18x12.jpg 18w\" sizes=\"(max-width: 1280px) 100vw, 1280px\" \/>\t\t\t\t\t\t\t\t\t\t\t\t\t\t\t<\/div>\n\t\t\t\t<\/div>\n\t\t\t\t\t<\/div>\n\t\t\t\t<\/div>\n\t\t<div class=\"elementor-element elementor-element-66b5d77 e-flex e-con-boxed e-con e-parent\" data-id=\"66b5d77\" data-element_type=\"container\" data-e-type=\"container\" data-settings=\"{&quot;background_background&quot;:&quot;classic&quot;}\">\n\t\t\t\t\t<div class=\"e-con-inner\">\n\t\t\t\t<div class=\"elementor-element elementor-element-066976f elementor-widget elementor-widget-elementskit-simple-tab\" data-id=\"066976f\" data-element_type=\"widget\" data-e-type=\"widget\" data-widget_type=\"elementskit-simple-tab.default\">\n\t\t\t\t<div class=\"elementor-widget-container\">\n\t\t\t\t\t<div class=\"ekit-wid-con\" >        <div class=\"elementkit-tab-wraper\">\n            <ul class=\"nav nav-tabs elementkit-tab-nav  elementskit-fullwidth-tab\">\n                                    <li class=\"elementkit-nav-item elementor-repeater-item-e7fb3c4\">\n                        <a class=\"elementkit-nav-link  active show left-pos\" id=\"content-e7fb3c469e034ad309bd-tab\" data-ekit-handler-id=\"notre-mission-\" data-ekit-toggle=\"tab\" data-target=\"#content-e7fb3c469e034ad309bd\" href=\"#Content-e7fb3c469e034ad309bd\"\n                            data-ekit-toggle-trigger=\"click\"\n                            aria-describedby=\"Content-e7fb3c469e034ad309bd\">\n                            <span class=\"icon icon-Target elementskit-tab-icon\"><\/span>                            <span class=\"elementskit-tab-title\">Our mission <\/span>\n                        <\/a>\n                    <\/li>\n                                        <li class=\"elementkit-nav-item elementor-repeater-item-9077dfd\">\n                        <a class=\"elementkit-nav-link  left-pos\" id=\"content-9077dfd69e034ad309bd-tab\" data-ekit-handler-id=\"nos-valeurs-fondatrices\" data-ekit-toggle=\"tab\" data-target=\"#content-9077dfd69e034ad309bd\" href=\"#Content-9077dfd69e034ad309bd\"\n                            data-ekit-toggle-trigger=\"click\"\n                            aria-describedby=\"Content-9077dfd69e034ad309bd\">\n                            <span class=\"icon icon-Safe-house elementskit-tab-icon\"><\/span>                            <span class=\"elementskit-tab-title\">Our founding values<\/span>\n                        <\/a>\n                    <\/li>\n                                        <li class=\"elementkit-nav-item elementor-repeater-item-ad34ed5\">\n                        <a class=\"elementkit-nav-link  left-pos\" id=\"content-ad34ed569e034ad309bd-tab\" data-ekit-handler-id=\"nos-objectifs\" data-ekit-toggle=\"tab\" data-target=\"#content-ad34ed569e034ad309bd\" href=\"#Content-ad34ed569e034ad309bd\"\n                            data-ekit-toggle-trigger=\"click\"\n                            aria-describedby=\"Content-ad34ed569e034ad309bd\">\n                            <span class=\"icon icon-pricing-list elementskit-tab-icon\"><\/span>                            <span class=\"elementskit-tab-title\">Our objectives<\/span>\n                        <\/a>\n                    <\/li>\n                                <\/ul>\n\n            <div class=\"tab-content elementkit-tab-content\">\n                                    <div class=\"tab-pane elementkit-tab-pane elementor-repeater-item-e7fb3c4  active show\" id=\"content-e7fb3c469e034ad309bd\" role=\"tabpanel\"\n                         aria-labelledby=\"content-e7fb3c469e034ad309bd-tab\">\n                        <div class=\"animated fadeIn\">\n                            <p><span class=\"qwen-markdown-text\">Our mission is to<\/span><strong class=\"qwen-markdown-strong\"><span class=\"qwen-markdown-text\">to welcome, support and accompany<\/span><\/strong><span class=\"qwen-markdown-text\"> immigrant families at every stage of their integration journey. We don't just transmit information; we build bridges. We strive to foster integration. <\/span><strong class=\"qwen-markdown-strong\"><span class=\"qwen-markdown-text\">social, cultural and economic<\/span><\/strong><span class=\"qwen-markdown-text\"> in Canada, in a spirit of respect, dignity and reciprocity.<\/span><\/p>                        <\/div>\n                    <\/div>\n                                    <div class=\"tab-pane elementkit-tab-pane elementor-repeater-item-9077dfd\" id=\"content-9077dfd69e034ad309bd\" role=\"tabpanel\"\n                         aria-labelledby=\"content-9077dfd69e034ad309bd-tab\">\n                        <div class=\"animated fadeIn\">\n                            <p data-path-to-node=\"3\"><span data-path-to-node=\"3,1\"><span class=\"citation-617\">These three principles are the compass for each of our actions and decisions.<\/span><\/span><span data-path-to-node=\"3,3\">:<\/span><\/p><ul data-path-to-node=\"4\"><li><p data-path-to-node=\"4,0,1\"><span data-path-to-node=\"4,0,1,0\"><b data-path-to-node=\"4,0,1,0\" data-index-in-node=\"0\"><span class=\"citation-616\">Unit :<\/span><\/b><span class=\"citation-616\"> Working together for a stronger community by creating spaces where families, volunteers and partners collaborate on common initiatives<\/span><\/span><span data-path-to-node=\"4,0,1,2\">.<\/span><\/p><\/li><li><p data-path-to-node=\"4,0,1\"><span data-path-to-node=\"4,1,1,0\"><b data-path-to-node=\"4,1,1,0\" data-index-in-node=\"0\"><span class=\"citation-615\">Love :<\/span><\/b><span class=\"citation-615\"> To offer support imbued with kindness and humanity by taking the time to listen to each family's story, without rushing them, in a safe and respectful environment<\/span><\/span><span data-path-to-node=\"4,1,1,2\">.<\/span><\/p><\/li><li><p data-path-to-node=\"4,0,1\"><span style=\"font-family: -apple-system, BlinkMacSystemFont, 'Segoe UI', Roboto, 'Helvetica Neue', Arial, 'Noto Sans', sans-serif, 'Apple Color Emoji', 'Segoe UI Emoji', 'Segoe UI Symbol', 'Noto Color Emoji';\" data-path-to-node=\"4,2,1,0\"><b data-path-to-node=\"4,2,1,0\" data-index-in-node=\"0\"><span class=\"citation-614\">Solidarity:<\/span><\/b><span class=\"citation-614\"> Cultivating mutual support among those experiencing similar realities by fostering exchanges between newly arrived and established families, in a spirit of sharing<\/span><\/span><span style=\"font-family: -apple-system, BlinkMacSystemFont, 'Segoe UI', Roboto, 'Helvetica Neue', Arial, 'Noto Sans', sans-serif, 'Apple Color Emoji', 'Segoe UI Emoji', 'Segoe UI Symbol', 'Noto Color Emoji';\" data-path-to-node=\"4,2,1,2\">.<\/span><\/p><\/li><\/ul>                        <\/div>\n                    <\/div>\n                                    <div class=\"tab-pane elementkit-tab-pane elementor-repeater-item-ad34ed5\" id=\"content-ad34ed569e034ad309bd\" role=\"tabpanel\"\n                         aria-labelledby=\"content-ad34ed569e034ad309bd-tab\">\n                        <div class=\"animated fadeIn\">\n                            <p class=\"qwen-markdown-paragraph\"><span class=\"qwen-markdown-text\" data-spm-anchor-id=\"a2ty_o01.29997173.0.i20.3b7b5171XKDCQ0\">To achieve our mission, CASFI operates daily around five key areas:<\/span><\/p><ul class=\"qwen-markdown-list\" dir=\"auto\" data-spm-anchor-id=\"a2ty_o01.29997173.0.i19.3b7b5171XKDCQ0\"><li><strong class=\"qwen-markdown-strong\"><span class=\"qwen-markdown-text\">Offering personalized support<\/span><\/strong><span class=\"qwen-markdown-text\"> :<\/span><br \/><span class=\"qwen-markdown-text\">We help families better understand their new environment and to <\/span><span class=\"qwen-markdown-text\">to better understand the existing resources in the community<\/span><span class=\"qwen-markdown-text\">.<\/span><\/li><li><strong class=\"qwen-markdown-strong\"><span class=\"qwen-markdown-text\">Strengthening positive parenting<\/span><\/strong><span class=\"qwen-markdown-text\"> :<\/span><br \/><span class=\"qwen-markdown-text\">We organize discussion circles on educational challenges, respecting original cultural values \u200b\u200bwhile exploring the landmarks of the Canadian context.<\/span><\/li><li><strong class=\"qwen-markdown-strong\"><span class=\"qwen-markdown-text\">Promoting the development of young people<\/span><\/strong><span class=\"qwen-markdown-text\"> :<\/span><br \/><span class=\"qwen-markdown-text\">Through mentoring and group activities, we support teenagers in their search for guidance, expression and belonging.<\/span><\/li><li><strong class=\"qwen-markdown-strong\"><span class=\"qwen-markdown-text\">Creating meeting spaces<\/span><\/strong><span class=\"qwen-markdown-text\"> :<\/span><br \/><span class=\"qwen-markdown-text\">We break isolation through community activities \u2014 such as coffee meetups or shared workshops \u2014 where everyone can contribute and feel valued.<\/span><\/li><li><strong class=\"qwen-markdown-strong\"><span class=\"qwen-markdown-text\">Promoting sustainable integration<\/span><\/strong><span class=\"qwen-markdown-text\"> :<\/span><br \/><span class=\"qwen-markdown-text\">We encourage families to actively participate in community life, particularly by becoming volunteers, so that they feel like active participants in their own journey.<\/span><\/li><\/ul>                        <\/div>\n                    <\/div>\n                                \n            <\/div>\n                    <\/div>\n    <\/div>\t\t\t\t<\/div>\n\t\t\t\t<\/div>\n\t\t\t\t\t<\/div>\n\t\t\t\t<\/div>\n\t\t<div class=\"elementor-element elementor-element-26fc0de3 e-flex e-con-boxed e-con e-parent\" data-id=\"26fc0de3\" data-element_type=\"container\" data-e-type=\"container\" data-settings=\"{&quot;background_background&quot;:&quot;classic&quot;}\">\n\t\t\t\t\t<div class=\"e-con-inner\">\n\t\t<div class=\"elementor-element elementor-element-34828c9d e-con-full e-flex elementor-invisible e-con e-child\" data-id=\"34828c9d\" data-element_type=\"container\" data-e-type=\"container\" data-settings=\"{&quot;background_background&quot;:&quot;classic&quot;,&quot;animation&quot;:&quot;fadeInUp&quot;,&quot;animation_delay&quot;:200}\">\n\t\t\t\t<div class=\"elementor-element elementor-element-8094442 elementor-widget elementor-widget-heading\" data-id=\"8094442\" data-element_type=\"widget\" data-e-type=\"widget\" data-widget_type=\"heading.default\">\n\t\t\t\t\t<h2 class=\"elementor-heading-title elementor-size-default\">Who are we supporting?<\/h2>\t\t\t\t<\/div>\n\t\t\t\t<div class=\"elementor-element elementor-element-3132839b elementor-widget elementor-widget-heading\" data-id=\"3132839b\" data-element_type=\"widget\" data-e-type=\"widget\" data-widget_type=\"heading.default\">\n\t\t\t\t\t<div class=\"elementor-heading-title elementor-size-default\">CASFI primarily serves newly arrived immigrant families in Canada, who often face cultural differences or isolation. Our support includes:<\/div>\t\t\t\t<\/div>\n\t\t\t\t<div class=\"elementor-element elementor-element-1a25b645 elementor-view-stacked elementor-position-inline-start elementor-mobile-position-inline-start elementor-shape-circle elementor-widget elementor-widget-icon-box\" data-id=\"1a25b645\" data-element_type=\"widget\" data-e-type=\"widget\" data-widget_type=\"icon-box.default\">\n\t\t\t\t\t\t\t<div class=\"elementor-icon-box-wrapper\">\n\n\t\t\t\t\t\t<div class=\"elementor-icon-box-icon\">\n\t\t\t\t<span  class=\"elementor-icon\">\n\t\t\t\t<i aria-hidden=\"true\" class=\"icon icon-Family\"><\/i>\t\t\t\t<\/span>\n\t\t\t<\/div>\n\t\t\t\n\t\t\t\t\t\t<div class=\"elementor-icon-box-content\">\n\n\t\t\t\t\t\t\t\t\t<div class=\"elementor-icon-box-title\">\n\t\t\t\t\t\t<span  >\n\t\t\t\t\t\t\tThe parents\t\t\t\t\t\t<\/span>\n\t\t\t\t\t<\/div>\n\t\t\t\t\n\t\t\t\t\t\t\t\t\t<p class=\"elementor-icon-box-description\">\n\t\t\t\t\t\tThey are looking for points of reference to stabilize their home in a new context.\n\n\t\t\t\t\t<\/p>\n\t\t\t\t\n\t\t\t<\/div>\n\t\t\t\n\t\t<\/div>\n\t\t\t\t\t\t<\/div>\n\t\t\t\t<div class=\"elementor-element elementor-element-1d120379 elementor-view-stacked elementor-position-inline-start elementor-mobile-position-inline-start elementor-shape-circle elementor-widget elementor-widget-icon-box\" data-id=\"1d120379\" data-element_type=\"widget\" data-e-type=\"widget\" data-widget_type=\"icon-box.default\">\n\t\t\t\t\t\t\t<div class=\"elementor-icon-box-wrapper\">\n\n\t\t\t\t\t\t<div class=\"elementor-icon-box-icon\">\n\t\t\t\t<span  class=\"elementor-icon\">\n\t\t\t\t<i aria-hidden=\"true\" class=\"icon icon-handshake\"><\/i>\t\t\t\t<\/span>\n\t\t\t<\/div>\n\t\t\t\n\t\t\t\t\t\t<div class=\"elementor-icon-box-content\">\n\n\t\t\t\t\t\t\t\t\t<div class=\"elementor-icon-box-title\">\n\t\t\t\t\t\t<span  >\n\t\t\t\t\t\t\tChildren and teenagers\t\t\t\t\t\t<\/span>\n\t\t\t\t\t<\/div>\n\t\t\t\t\n\t\t\t\t\t\t\t\t\t<p class=\"elementor-icon-box-description\">\n\t\t\t\t\t\tThey navigate between family expectations and those of the Canadian school system.\t\t\t\t\t<\/p>\n\t\t\t\t\n\t\t\t<\/div>\n\t\t\t\n\t\t<\/div>\n\t\t\t\t\t\t<\/div>\n\t\t\t\t<div class=\"elementor-element elementor-element-7e425438 elementor-view-stacked elementor-position-inline-start elementor-mobile-position-inline-start elementor-shape-circle elementor-widget elementor-widget-icon-box\" data-id=\"7e425438\" data-element_type=\"widget\" data-e-type=\"widget\" data-widget_type=\"icon-box.default\">\n\t\t\t\t\t\t\t<div class=\"elementor-icon-box-wrapper\">\n\n\t\t\t\t\t\t<div class=\"elementor-icon-box-icon\">\n\t\t\t\t<span  class=\"elementor-icon\">\n\t\t\t\t<i aria-hidden=\"true\" class=\"icon icon-light-bulb\"><\/i>\t\t\t\t<\/span>\n\t\t\t<\/div>\n\t\t\t\n\t\t\t\t\t\t<div class=\"elementor-icon-box-content\">\n\n\t\t\t\t\t\t\t\t\t<div class=\"elementor-icon-box-title\">\n\t\t\t\t\t\t<span  >\n\t\t\t\t\t\t\tRelatives and elders\t\t\t\t\t\t<\/span>\n\t\t\t\t\t<\/div>\n\t\t\t\t\n\t\t\t\t\t\t\t\t\t<p class=\"elementor-icon-box-description\">\n\t\t\t\t\t\tThey may feel isolated due to the language barrier or being far from their usual network.\t\t\t\t\t<\/p>\n\t\t\t\t\n\t\t\t<\/div>\n\t\t\t\n\t\t<\/div>\n\t\t\t\t\t\t<\/div>\n\t\t\t\t<div class=\"elementor-element elementor-element-08d4130 elementor-widget elementor-widget-heading\" data-id=\"08d4130\" data-element_type=\"widget\" data-e-type=\"widget\" data-widget_type=\"heading.default\">\n\t\t\t\t\t<div class=\"elementor-heading-title elementor-size-default\">\nCASFI does not offer administrative, legal, medical, accommodation, or professional integration services. It provides non-therapeutic psychosocial support based on listening, referrals to existing resources, and the creation of community links.<\/div>\t\t\t\t<\/div>\n\t\t\t\t<\/div>\n\t\t\t\t\t<\/div>\n\t\t\t\t<\/div>\n\t\t\t\t<\/div>","protected":false},"excerpt":{"rendered":"<p>\u00c0 propos \u00c0 propos Notre histoire et notre engagement Le Centre d\u2019Action et de Soutien aux Familles Immigrantes (CASFI) a \u00e9t\u00e9 l\u00e9galement constitu\u00e9 le 6 novembre 2025. N\u00e9 d\u2019une volont\u00e9 collective de r\u00e9pondre aux d\u00e9fis r\u00e9els des familles immigrantes \u2014 en particulier celles issues d\u2019une immigration r\u00e9cente \u2014, le CASFI s\u2019inscrit dans une d\u00e9marche d\u2019action [&hellip;]<\/p>\n","protected":false},"author":1,"featured_media":0,"parent":0,"menu_order":0,"comment_status":"closed","ping_status":"closed","template":"elementor_header_footer","meta":{"footnotes":""},"class_list":["post-116","page","type-page","status-publish","hentry"],"_links":{"self":[{"href":"https:\/\/casfi.ca\/en\/wp-json\/wp\/v2\/pages\/116","targetHints":{"allow":["GET"]}}],"collection":[{"href":"https:\/\/casfi.ca\/en\/wp-json\/wp\/v2\/pages"}],"about":[{"href":"https:\/\/casfi.ca\/en\/wp-json\/wp\/v2\/types\/page"}],"author":[{"embeddable":true,"href":"https:\/\/casfi.ca\/en\/wp-json\/wp\/v2\/users\/1"}],"replies":[{"embeddable":true,"href":"https:\/\/casfi.ca\/en\/wp-json\/wp\/v2\/comments?post=116"}],"version-history":[{"count":52,"href":"https:\/\/casfi.ca\/en\/wp-json\/wp\/v2\/pages\/116\/revisions"}],"predecessor-version":[{"id":1061,"href":"https:\/\/casfi.ca\/en\/wp-json\/wp\/v2\/pages\/116\/revisions\/1061"}],"wp:attachment":[{"href":"https:\/\/casfi.ca\/en\/wp-json\/wp\/v2\/media?parent=116"}],"curies":[{"name":"wp","href":"https:\/\/api.w.org\/{rel}","templated":true}]}}